{"id":12,"date":"2020-01-12T15:29:20","date_gmt":"2020-01-12T15:29:20","guid":{"rendered":"https:\/\/jeddeloh2.de\/wordpress\/?page_id=12"},"modified":"2025-05-26T11:26:18","modified_gmt":"2025-05-26T09:26:18","slug":"veranstaltungen","status":"publish","type":"page","link":"https:\/\/jeddeloh2.de\/?page_id=12","title":{"rendered":"Vereine"},"content":{"rendered":"\t\t<div data-elementor-type=\"wp-page\" data-elementor-id=\"12\" class=\"elementor elementor-12\">\n\t\t\t\t\t\t<section class=\"elementor-section elementor-top-section elementor-element elementor-element-6698efe4 elementor-section-boxed elementor-section-height-default elementor-section-height-default\" data-id=\"6698efe4\" data-element_type=\"section\" data-e-type=\"section\">\n\t\t\t\t\t\t<div class=\"elementor-container elementor-column-gap-default\">\n\t\t\t\t\t<div class=\"elementor-column elementor-col-100 elementor-top-column elementor-element elementor-element-4f54ebb6\" data-id=\"4f54ebb6\" data-element_type=\"column\" data-e-type=\"column\">\n\t\t\t<div class=\"elementor-widget-wrap elementor-element-populated\">\n\t\t\t\t\t\t<div class=\"elementor-element elementor-element-163cd075 elementor-widget elementor-widget-text-editor\" data-id=\"163cd075\" data-element_type=\"widget\" data-e-type=\"widget\" data-widget_type=\"text-editor.default\">\n\t\t\t\t<div class=\"elementor-widget-container\">\n\t\t\t\t\t\t\t\t\t<p><strong>Die \u00f6rtlichen Vereine<\/strong><\/p><table style=\"width: 503.25pt; border-collapse: collapse; mso-yfti-tbllook: 1184; mso-padding-alt: 0cm 0cm 0cm 0cm;\" border=\"0\" width=\"671\" cellspacing=\"0\" cellpadding=\"0\"><tbody><tr style=\"mso-yfti-irow: 0; mso-yfti-firstrow: yes; height: 15.0pt;\"><td style=\"width: 160pt; border-width: 1pt; border-color: windowtext; padding: 0cm 3.5pt; height: 15pt;\" valign=\"bottom\" nowrap=\"nowrap\" width=\"213\"><p><span style=\"font-size: 12.0pt; font-family: 'Arial',sans-serif; color: black; mso-fareast-language: DE;\">Aktionskreis<\/span><\/p><\/td><\/tr><tr style=\"mso-yfti-irow: 1; height: 15.0pt;\"><td style=\"width: 160pt; border-right-width: 1pt; border-bottom-width: 1pt; border-left-width: 1pt; border-right-color: windowtext; border-bottom-color: windowtext; border-left-color: windowtext; border-top: none; padding: 0cm 3.5pt; height: 15pt;\" valign=\"bottom\" nowrap=\"nowrap\" width=\"213\"><p><span style=\"font-size: 12.0pt; font-family: 'Arial',sans-serif; color: black; mso-fareast-language: DE;\">Bo\u00dfelverein<\/span><\/p><\/td><\/tr><tr style=\"mso-yfti-irow: 2; height: 15.0pt;\"><td style=\"width: 160pt; border-right-width: 1pt; border-bottom-width: 1pt; border-left-width: 1pt; border-right-color: windowtext; border-bottom-color: windowtext; border-left-color: windowtext; border-top: none; padding: 0cm 3.5pt; height: 15pt;\" valign=\"bottom\" nowrap=\"nowrap\" width=\"213\"><p><span style=\"font-size: 12.0pt; font-family: 'Arial',sans-serif; color: black; mso-fareast-language: DE;\">Feuerwehr<\/span><\/p><\/td><\/tr><tr style=\"mso-yfti-irow: 3; height: 15.0pt;\"><td style=\"width: 160pt; border-right-width: 1pt; border-bottom-width: 1pt; border-left-width: 1pt; border-right-color: windowtext; border-bottom-color: windowtext; border-left-color: windowtext; border-top: none; padding: 0cm 3.5pt; height: 15pt;\" valign=\"bottom\" nowrap=\"nowrap\" width=\"213\"><p><span style=\"font-size: 12.0pt; font-family: 'Arial',sans-serif; color: black; mso-fareast-language: DE;\">Heimatverein<\/span><\/p><\/td><\/tr><tr style=\"mso-yfti-irow: 4; height: 15.0pt;\"><td style=\"width: 160pt; border-right-width: 1pt; border-bottom-width: 1pt; border-left-width: 1pt; border-right-color: windowtext; border-bottom-color: windowtext; border-left-color: windowtext; border-top: none; padding: 0cm 3.5pt; height: 15pt;\" valign=\"bottom\" nowrap=\"nowrap\" width=\"213\"><p><span style=\"font-size: 12.0pt; font-family: 'Arial',sans-serif; color: black; mso-fareast-language: DE;\">Kanaalkom\u00f6dianten<\/span><\/p><\/td><\/tr><tr style=\"mso-yfti-irow: 5; height: 15.0pt;\"><td style=\"width: 160pt; border-right-width: 1pt; border-bottom-width: 1pt; border-left-width: 1pt; border-right-color: windowtext; border-bottom-color: windowtext; border-left-color: windowtext; border-top: none; padding: 0cm 3.5pt; height: 15pt;\" valign=\"bottom\" nowrap=\"nowrap\" width=\"213\"><p><span style=\"font-size: 12.0pt; font-family: 'Arial',sans-serif; color: black; mso-fareast-language: DE;\">Kyffh\u00e4user<\/span><\/p><\/td><\/tr><tr style=\"mso-yfti-irow: 6; height: 15.0pt;\"><td style=\"width: 160pt; border-right-width: 1pt; border-bottom-width: 1pt; border-left-width: 1pt; border-right-color: windowtext; border-bottom-color: windowtext; border-left-color: windowtext; border-top: none; padding: 0cm 3.5pt; height: 15pt;\" valign=\"bottom\" nowrap=\"nowrap\" width=\"213\"><p><span style=\"font-size: 12.0pt; font-family: 'Arial',sans-serif; color: black; mso-fareast-language: DE;\">Landfrauen<\/span><\/p><\/td><\/tr><tr style=\"mso-yfti-irow: 7; height: 15.0pt;\"><td style=\"width: 160pt; border-right-width: 1pt; border-bottom-width: 1pt; border-left-width: 1pt; border-right-color: windowtext; border-bottom-color: windowtext; border-left-color: windowtext; border-top: none; padding: 0cm 3.5pt; height: 15pt;\" valign=\"bottom\" nowrap=\"nowrap\" width=\"213\"><p><span style=\"font-size: 12.0pt; font-family: 'Arial',sans-serif; color: black; mso-fareast-language: DE;\">Landvolk<\/span><\/p><\/td><\/tr><tr style=\"mso-yfti-irow: 8; height: 15.0pt;\"><td style=\"width: 160pt; border-right-width: 1pt; border-bottom-width: 1pt; border-left-width: 1pt; border-right-color: windowtext; border-bottom-color: windowtext; border-left-color: windowtext; border-top: none; padding: 0cm 3.5pt; height: 15pt;\" valign=\"bottom\" nowrap=\"nowrap\" width=\"213\"><p><span style=\"font-size: 12.0pt; font-family: 'Arial',sans-serif; color: black; mso-fareast-language: DE;\">MGV<\/span><\/p><\/td><\/tr><tr style=\"mso-yfti-irow: 9; height: 15.0pt;\"><td style=\"width: 160pt; border-right-width: 1pt; border-bottom-width: 1pt; border-left-width: 1pt; border-right-color: windowtext; border-bottom-color: windowtext; border-left-color: windowtext; border-top: none; padding: 0cm 3.5pt; height: 15pt;\" valign=\"bottom\" nowrap=\"nowrap\" width=\"213\"><p><span style=\"font-size: 12.0pt; font-family: 'Arial',sans-serif; color: black; mso-fareast-language: DE;\">Ortsverein<\/span><\/p><\/td><\/tr><tr style=\"mso-yfti-irow: 10; mso-yfti-lastrow: yes; height: 15.0pt;\"><td style=\"width: 160pt; border-right-width: 1pt; border-bottom-width: 1pt; border-left-width: 1pt; border-right-color: windowtext; border-bottom-color: windowtext; border-left-color: windowtext; border-top: none; padding: 0cm 3.5pt; height: 15pt;\" valign=\"bottom\" nowrap=\"nowrap\" width=\"213\"><p><span style=\"font-size: 12.0pt; font-family: 'Arial',sans-serif; color: black; mso-fareast-language: DE;\">SSV<\/span><\/p><\/td><\/tr><\/tbody><\/table>\t\t\t\t\t\t\t\t<\/div>\n\t\t\t\t<\/div>\n\t\t\t\t\t<\/div>\n\t\t<\/div>\n\t\t\t\t\t<\/div>\n\t\t<\/section>\n\t\t\t\t<\/div>\n\t\t","protected":false},"excerpt":{"rendered":"<p>Die \u00f6rtlichen Vereine Aktionskreis Bo\u00dfelverein Feuerwehr Heimatverein Kanaalkom\u00f6dianten Kyffh\u00e4user Landfrauen Landvolk MGV Ortsverein SSV<\/p>\n","protected":false},"author":1,"featured_media":0,"parent":0,"menu_order":0,"comment_status":"closed","ping_status":"closed","template":"","meta":{"advanced_seo_description":"","jetpack_seo_html_title":"","jetpack_seo_noindex":false,"footnotes":""},"class_list":["post-12","page","type-page","status-publish","hentry"],"jetpack_sharing_enabled":true,"_links":{"self":[{"href":"https:\/\/jeddeloh2.de\/index.php?rest_route=\/wp\/v2\/pages\/12","targetHints":{"allow":["GET"]}}],"collection":[{"href":"https:\/\/jeddeloh2.de\/index.php?rest_route=\/wp\/v2\/pages"}],"about":[{"href":"https:\/\/jeddeloh2.de\/index.php?rest_route=\/wp\/v2\/types\/page"}],"author":[{"embeddable":true,"href":"https:\/\/jeddeloh2.de\/index.php?rest_route=\/wp\/v2\/users\/1"}],"replies":[{"embeddable":true,"href":"https:\/\/jeddeloh2.de\/index.php?rest_route=%2Fwp%2Fv2%2Fcomments&post=12"}],"version-history":[{"count":9,"href":"https:\/\/jeddeloh2.de\/index.php?rest_route=\/wp\/v2\/pages\/12\/revisions"}],"predecessor-version":[{"id":357,"href":"https:\/\/jeddeloh2.de\/index.php?rest_route=\/wp\/v2\/pages\/12\/revisions\/357"}],"wp:attachment":[{"href":"https:\/\/jeddeloh2.de\/index.php?rest_route=%2Fwp%2Fv2%2Fmedia&parent=12"}],"curies":[{"name":"wp","href":"https:\/\/api.w.org\/{rel}","templated":true}]}}