{"id":136,"date":"2022-02-19T12:41:06","date_gmt":"2022-02-19T11:41:06","guid":{"rendered":"https:\/\/jeddeloh2.de\/?page_id=136"},"modified":"2022-02-19T13:30:09","modified_gmt":"2022-02-19T12:30:09","slug":"jeddeloher-daecher","status":"publish","type":"page","link":"https:\/\/jeddeloh2.de\/?page_id=136","title":{"rendered":"&#8222;Jeddeloher D\u00e4cher&#8220;"},"content":{"rendered":"\n<h2 class=\"wp-block-heading\" id=\"uberdachung-der-rastplatze-gefordert-durch-leader\">\u00dcberdachung der Rastpl\u00e4tze &#8211; gef\u00f6rdert durch Leader <\/h2>\n\n\n\n<p>An 5 verschiedenen Stellen um Ortsgebiet planen wir die vorhandenen Rastpl\u00e4tze zu \u00fcberdachen. Ein neuer Rastplatz soll bei der &#8222;wei\u00dfen Br\u00fccke&#8220; (Vehnebr\u00fccke, Schulweg)  errichtet werden. Eine anteilige F\u00f6rderung, des \u00fcber 20.000 EUR teuren Projektes, erfolgt durch den europ\u00e4ischen F\u00f6rdertopf &#8222;Leader&#8220; und dem F\u00f6rdertopf &#8222;Zusammerland&#8220; des Landkreises Ammerland. Durch die Erbringung von Eigenleistung, werden wir hier eine fast 100%-Finanzierung, ohne eigene Mittel, erreichen &#8211; vorausgesetzt, wir finden gen\u00fcgend Freiwillige  &#8211; aber da vertraue ich auf uns Jeddeloher \ud83d\ude42 <\/p>\n\n\n\n<div class=\"wp-block-group\"><div class=\"wp-block-group__inner-container is-layout-flow wp-block-group-is-layout-flow\">\n<p class=\"has-medium-font-size\" style=\"line-height:1.0\"><strong>Standorte<\/strong><\/p>\n\n\n\n<ul class=\"wp-block-list\" style=\"line-height:1.5\"><li>Rathjenweg<\/li><li>Birkenstr. \/ Prinzendamm<\/li><li>Landendamm\/Hohendamm\/Prinzendamm<\/li><li>Hafenstr. (Drehkuhle)<\/li><li>Wischenstr. &#8211; Bushaltestelle<\/li><li><strong>Neu:<\/strong> Schulweg &#8211; Vehnebr\u00fccke <\/li><\/ul>\n<\/div><\/div>\n","protected":false},"excerpt":{"rendered":"<p>\u00dcberdachung der Rastpl\u00e4tze &#8211; gef\u00f6rdert durch Leader An 5 verschiedenen Stellen um Ortsgebiet planen wir die vorhandenen Rastpl\u00e4tze zu \u00fcberdachen. Ein neuer Rastplatz soll bei der &#8222;wei\u00dfen Br\u00fccke&#8220; (Vehnebr\u00fccke, Schulweg) errichtet werden. Eine anteilige F\u00f6rderung, des \u00fcber 20.000 EUR teuren Projektes, erfolgt durch den europ\u00e4ischen F\u00f6rdertopf &#8222;Leader&#8220; und dem F\u00f6rdertopf &#8222;Zusammerland&#8220; des Landkreises Ammerland. Durch &hellip; <a href=\"https:\/\/jeddeloh2.de\/?page_id=136\" class=\"more-link\"><span class=\"screen-reader-text\">\u201e&#8222;Jeddeloher D\u00e4cher&#8220;\u201c <\/span>weiterlesen<\/a><\/p>\n","protected":false},"author":1,"featured_media":0,"parent":126,"menu_order":0,"comment_status":"closed","ping_status":"closed","template":"","meta":{"advanced_seo_description":"","jetpack_seo_html_title":"","jetpack_seo_noindex":false,"footnotes":""},"class_list":["post-136","page","type-page","status-publish","hentry"],"jetpack_sharing_enabled":true,"_links":{"self":[{"href":"https:\/\/jeddeloh2.de\/index.php?rest_route=\/wp\/v2\/pages\/136","targetHints":{"allow":["GET"]}}],"collection":[{"href":"https:\/\/jeddeloh2.de\/index.php?rest_route=\/wp\/v2\/pages"}],"about":[{"href":"https:\/\/jeddeloh2.de\/index.php?rest_route=\/wp\/v2\/types\/page"}],"author":[{"embeddable":true,"href":"https:\/\/jeddeloh2.de\/index.php?rest_route=\/wp\/v2\/users\/1"}],"replies":[{"embeddable":true,"href":"https:\/\/jeddeloh2.de\/index.php?rest_route=%2Fwp%2Fv2%2Fcomments&post=136"}],"version-history":[{"count":4,"href":"https:\/\/jeddeloh2.de\/index.php?rest_route=\/wp\/v2\/pages\/136\/revisions"}],"predecessor-version":[{"id":151,"href":"https:\/\/jeddeloh2.de\/index.php?rest_route=\/wp\/v2\/pages\/136\/revisions\/151"}],"up":[{"embeddable":true,"href":"https:\/\/jeddeloh2.de\/index.php?rest_route=\/wp\/v2\/pages\/126"}],"wp:attachment":[{"href":"https:\/\/jeddeloh2.de\/index.php?rest_route=%2Fwp%2Fv2%2Fmedia&parent=136"}],"curies":[{"name":"wp","href":"https:\/\/api.w.org\/{rel}","templated":true}]}}