{"id":137,"date":"2022-02-19T12:41:06","date_gmt":"2022-02-19T11:41:06","guid":{"rendered":"https:\/\/jeddeloh2.de\/?page_id=137"},"modified":"2023-05-02T22:19:47","modified_gmt":"2023-05-02T20:19:47","slug":"baugebiet-gartenstr","status":"publish","type":"page","link":"https:\/\/jeddeloh2.de\/?page_id=137","title":{"rendered":"Baugebiet &#8222;N\u00f6rdlich der Gartenstr.&#8220;"},"content":{"rendered":"\t\t<div data-elementor-type=\"wp-page\" data-elementor-id=\"137\" class=\"elementor elementor-137\">\n\t\t\t\t\t\t<section class=\"elementor-section elementor-top-section elementor-element elementor-element-3437d877 elementor-section-boxed elementor-section-height-default elementor-section-height-default\" data-id=\"3437d877\" data-element_type=\"section\" data-e-type=\"section\">\n\t\t\t\t\t\t<div class=\"elementor-container elementor-column-gap-default\">\n\t\t\t\t\t<div class=\"elementor-column elementor-col-100 elementor-top-column elementor-element elementor-element-32b49170\" data-id=\"32b49170\" data-element_type=\"column\" data-e-type=\"column\">\n\t\t\t<div class=\"elementor-widget-wrap elementor-element-populated\">\n\t\t\t\t\t\t<div class=\"elementor-element elementor-element-4f6b76c2 elementor-widget elementor-widget-text-editor\" data-id=\"4f6b76c2\" data-element_type=\"widget\" data-e-type=\"widget\" data-widget_type=\"text-editor.default\">\n\t\t\t\t<div class=\"elementor-widget-container\">\n\t\t\t\t\t\t\t\t\t<p><\/p>\n<p class=\"has-text-align-center\">Bereits bevor in unserem letzten Baugebiet &#8222;Breddiner Str.&#8220; das letzte Grundst\u00fcck verkauft wurde, waren wir auf der Suche nach m\u00f6glichen Fl\u00e4chen. Diese sollten lt. dem st\u00e4dtebaulichen Entwicklungskonzept der Gemeinde Edewecht, s\u00fcdlich des K\u00fcstenkanals liegen. Da die gew\u00fcnschten Fl\u00e4chen jedoch nicht zum Verkauf standen, wurde auch im n\u00f6rdlichen Bereich gesucht. <br \/>Hier wurde dann &#8222;N\u00f6rdlich der Gartenstr.&#8220; eine ca. 6ha gro\u00dfe Fl\u00e4chen gefunden.<\/p>\n<p><\/p>\n<p><\/p>\n<h4 class=\"wp-block-heading\" id=\"1-entwurf-baugebiet\">1.Entwurf &#8211; Baugebiet<\/h4>\n<p><\/p>\n<p><\/p>\n<figure class=\"wp-block-image size-large is-resized\"><img fetchpriority=\"high\" decoding=\"async\" class=\"wp-image-153\" src=\"https:\/\/jeddeloh2.de\/wp-content\/uploads\/2022\/02\/image-1024x401.png\" alt=\"\" width=\"632\" height=\"247\" srcset=\"https:\/\/jeddeloh2.de\/wp-content\/uploads\/2022\/02\/image-1024x401.png 1024w, https:\/\/jeddeloh2.de\/wp-content\/uploads\/2022\/02\/image-300x118.png 300w, https:\/\/jeddeloh2.de\/wp-content\/uploads\/2022\/02\/image-768x301.png 768w, https:\/\/jeddeloh2.de\/wp-content\/uploads\/2022\/02\/image.png 1054w\" sizes=\"(max-width: 632px) 85vw, 632px\" \/>\n<p>\u00a0<\/p>\n<figcaption>1. Entwurf aus 2021<\/figcaption>\n<\/figure>\n<p><\/p>\n<p><\/p>\n<p style=\"font-size: 18px;\"><strong>In 2020 \/ 2021 wurden verschiedenste Gutachten\/Konzepte erstellt:<\/strong><\/p>\n<p><\/p>\n<p><\/p>\n<ul class=\"wp-block-list\">\n<li>Hydrogeologisches Gutachten<\/li>\n<li>Artenschutzrechtliche Potenzialabsch\u00e4tzungen<\/li>\n<li>Verkehrseinsch\u00e4tzung<\/li>\n<li>Oberfl\u00e4chenentw\u00e4sserungskonzept<\/li>\n<li>Geruchsgutachten<\/li>\n<li>Schallgutachten<\/li>\n<li>faunistische Gutachten<\/li>\n<li>Abw\u00e4gungen der Anregungen: aus der \u00d6ffentlichkeit, Telekommunikationsanbieter, Wasserversorger, Energieversorger, Landkreis Ammerland, Landesamt f\u00fcr Geoinformation und Landvermessung (Kampfmittel), Landesamt f\u00fcr Bergbau, Energie, Geologie, Landesamt f\u00fcr Stra\u00dfenbau und Verkehr, Landwirtschaftskammer Niedersachsen, Verkehrsverbund, Ammerl\u00e4nder Wasseracht<\/li>\n<\/ul>\n<p><\/p>\n<p><\/p>\n<p>Die Erschlie\u00dfung soll in mehreren Bauabschnitten (evtl. drei) erfolgen. Auf der gesamten Fl\u00e4che soll das Moor ausgetauscht werden, was auch f\u00fcr die Oberfl\u00e4chenentw\u00e4sserung eine wichtige Rolle spielt, da diese auf der Fl\u00e4che erfolgen soll z.B. durch die Installation von einem Bereich der Regenr\u00fcckhaltung und Rigolen . Ende 2021\/Anfang 2022 wurden dem Bauausschuss m\u00f6glichen Alternativen f\u00fcr die W\u00e4rmeerzeugung pr\u00e4sentiert. Was letztendlich zum Beschluss f\u00fchrte, keine Gasleitungsnetz im Gebiet zu errichten.<\/p>\n<p><\/p>\n<p><\/p>\n<h3 class=\"wp-block-heading\" id=\"chronologie\">Chronologie<\/h3>\n<p><\/p>\n<p><\/p>\n<ul class=\"wp-block-list\">\n<li>1. Quartal 2019 &#8211; Infoveranstaltung<\/li>\n<li>3. Quartal 2019 &#8211; Fl\u00e4chenerwerb<\/li>\n<li>4. Quartal 2019 &#8211; Erwerb \u00f6stliche Zufahrt<\/li>\n<li>4. Quartal 2019 &#8211; Beginn Aufstellung Bebauungsplan<\/li>\n<li>2. Quartal 2020 &#8211; Erwerb westliche Zufahrt<\/li>\n<li>2. Quartal 2021 &#8211; Beginn \u00c4nderung Fl\u00e4chennutzungsplan<\/li>\n<li>3. Quartal 2021 &#8211; Festlegung weiterer Vorgaben: <br \/>Grundst\u00fcckgr\u00f6\u00dfe z.B. EFH m\u00f6glichst zwischen 500-600 m\u00b2, Anzahl Mehrfamilienh\u00e4user, Gr\u00fcnd\u00e4cher bei Flachd\u00e4chern, Photovoltaik, keine &#8222;Steinbeete&#8220;, Bauabschnitte (Baugebiet soll nicht in einem Zug erschlossen werden)<\/li>\n<li>1. Quartal 2022 &#8211; Beginn Ausarbeitung Energieversorgungskonzept<br \/>Verzicht auf fossile Brennstoffe f\u00fcr W\u00e4rmeerzeugung &#8211; Stichwort: W\u00e4rmepumpen<\/li>\n<li>1.Quartal 2023 &#8211; Beginn Auskofferungsarbeiten der zuk\u00fcnftigen Baustrasse<\/li>\n<\/ul>\n<p><\/p>\t\t\t\t\t\t\t\t<\/div>\n\t\t\t\t<\/div>\n\t\t\t\t\t<\/div>\n\t\t<\/div>\n\t\t\t\t\t<\/div>\n\t\t<\/section>\n\t\t\t\t<section class=\"elementor-section elementor-top-section elementor-element elementor-element-20a96b2 elementor-section-boxed elementor-section-height-default elementor-section-height-default\" data-id=\"20a96b2\" data-element_type=\"section\" data-e-type=\"section\">\n\t\t\t\t\t\t<div class=\"elementor-container elementor-column-gap-default\">\n\t\t\t\t\t<div class=\"elementor-column elementor-col-100 elementor-top-column elementor-element elementor-element-397098f\" data-id=\"397098f\" data-element_type=\"column\" data-e-type=\"column\">\n\t\t\t<div class=\"elementor-widget-wrap elementor-element-populated\">\n\t\t\t\t\t\t<div class=\"elementor-element elementor-element-c6c29ac elementor-widget__width-initial elementor-widget elementor-widget-google_maps\" data-id=\"c6c29ac\" data-element_type=\"widget\" data-e-type=\"widget\" data-widget_type=\"google_maps.default\">\n\t\t\t\t<div class=\"elementor-widget-container\">\n\t\t\t\t\t\t\t<div class=\"elementor-custom-embed\">\n\t\t\t<iframe loading=\"lazy\"\n\t\t\t\t\tsrc=\"https:\/\/maps.google.com\/maps?q=gartenstrasse%20edewecht&#038;t=m&#038;z=16&#038;output=embed&#038;iwloc=near\"\n\t\t\t\t\ttitle=\"gartenstrasse edewecht\"\n\t\t\t\t\taria-label=\"gartenstrasse edewecht\"\n\t\t\t><\/iframe>\n\t\t<\/div>\n\t\t\t\t\t\t<\/div>\n\t\t\t\t<\/div>\n\t\t\t\t\t<\/div>\n\t\t<\/div>\n\t\t\t\t\t<\/div>\n\t\t<\/section>\n\t\t\t\t<\/div>\n\t\t","protected":false},"excerpt":{"rendered":"<p>Bereits bevor in unserem letzten Baugebiet &#8222;Breddiner Str.&#8220; das letzte Grundst\u00fcck verkauft wurde, waren wir auf der Suche nach m\u00f6glichen Fl\u00e4chen. Diese sollten lt. dem st\u00e4dtebaulichen Entwicklungskonzept der Gemeinde Edewecht, s\u00fcdlich des K\u00fcstenkanals liegen. Da die gew\u00fcnschten Fl\u00e4chen jedoch nicht zum Verkauf standen, wurde auch im n\u00f6rdlichen Bereich gesucht. Hier wurde dann &#8222;N\u00f6rdlich der Gartenstr.&#8220; &hellip; <a href=\"https:\/\/jeddeloh2.de\/?page_id=137\" class=\"more-link\"><span class=\"screen-reader-text\">\u201eBaugebiet &#8222;N\u00f6rdlich der Gartenstr.&#8220;\u201c <\/span>weiterlesen<\/a><\/p>\n","protected":false},"author":1,"featured_media":0,"parent":126,"menu_order":0,"comment_status":"closed","ping_status":"closed","template":"","meta":{"advanced_seo_description":"","jetpack_seo_html_title":"","jetpack_seo_noindex":false,"footnotes":""},"class_list":["post-137","page","type-page","status-publish","hentry"],"jetpack_sharing_enabled":true,"_links":{"self":[{"href":"https:\/\/jeddeloh2.de\/index.php?rest_route=\/wp\/v2\/pages\/137","targetHints":{"allow":["GET"]}}],"collection":[{"href":"https:\/\/jeddeloh2.de\/index.php?rest_route=\/wp\/v2\/pages"}],"about":[{"href":"https:\/\/jeddeloh2.de\/index.php?rest_route=\/wp\/v2\/types\/page"}],"author":[{"embeddable":true,"href":"https:\/\/jeddeloh2.de\/index.php?rest_route=\/wp\/v2\/users\/1"}],"replies":[{"embeddable":true,"href":"https:\/\/jeddeloh2.de\/index.php?rest_route=%2Fwp%2Fv2%2Fcomments&post=137"}],"version-history":[{"count":19,"href":"https:\/\/jeddeloh2.de\/index.php?rest_route=\/wp\/v2\/pages\/137\/revisions"}],"predecessor-version":[{"id":216,"href":"https:\/\/jeddeloh2.de\/index.php?rest_route=\/wp\/v2\/pages\/137\/revisions\/216"}],"up":[{"embeddable":true,"href":"https:\/\/jeddeloh2.de\/index.php?rest_route=\/wp\/v2\/pages\/126"}],"wp:attachment":[{"href":"https:\/\/jeddeloh2.de\/index.php?rest_route=%2Fwp%2Fv2%2Fmedia&parent=137"}],"curies":[{"name":"wp","href":"https:\/\/api.w.org\/{rel}","templated":true}]}}